{"id":717,"date":"2024-07-14T12:15:36","date_gmt":"2024-07-14T18:15:36","guid":{"rendered":"https:\/\/misucursalonline.com\/ismerely\/?post_type=product&#038;p=717"},"modified":"2026-04-01T13:52:30","modified_gmt":"2026-04-01T19:52:30","slug":"reven-vit","status":"publish","type":"product","link":"https:\/\/misucursalonline.com\/ismerely\/producto\/reven-vit\/","title":{"rendered":"Reven-Vit Caps"},"content":{"rendered":"<p><span style=\"color: #ec5598;\"><strong>Reven-Vit<\/strong><\/span><\/p>\n<p><span style=\"color: #ec5598;\"><strong>Forma de Uso: <\/strong><\/span>Tomar 1 c\u00e1psulas por la ma\u00f1ana o por la noche.<\/p>\n<p><span style=\"color: #ec5598;\"><strong>Ingredientes<\/strong><\/span><\/p>\n<p>Aceite Vegetal, Lecitina de soja (Isoflavonas), Cera de Abeja, Grenetina (Bovina), Glicerina, Agua Purificada, Vitaminas B1, B2, B6, B9, B12 y C<\/p>\n","protected":false},"excerpt":{"rendered":"<p><span style=\"color: #ec5598;\"><strong>Reven-Vit<\/strong><\/span><\/p>\n<p><span style=\"color: #ec5598;\"><strong>C\u00f3digo:<\/strong> <\/span>PT795<\/p>\n<p><span style=\"color: #ec5598;\"><strong>Presentaci\u00f3n:<\/strong>\u00a0<\/span> Frasco con 30 c\u00e1psulas<\/p>\n<p><span style=\"color: #ec5598;\"><strong><span style=\"color: #ec5598;\">Beneficios<\/span>:<\/strong><\/span><\/p>\n<p><span style=\"color: #ec5598;\"><strong>Mejora la Funci\u00f3n Cognitiva:<\/strong> <\/span>Aumenta la capacidad del cerebro para procesar, analizar y recordar informaci\u00f3n. Potencia habilidades \u201ccomo el pensamiento cr\u00edtico, la memoria, la atenci\u00f3n y el aprendizaje de nuevas habilidades.<\/p>\n<p><span style=\"color: #ec5598;\"><strong>Promueve un Sistema Nervioso Saludable: <\/strong><\/span>Contribuye al buen funcionamiento del sistema nervioso.<\/p>\n<p><span style=\"color: #ec5598;\"><strong>Aumenta los Niveles de Energ\u00eda:<\/strong><\/span> Inhibe la fatiga, el cansancio y el dolor corporal, incluyendo pies, espalda, jaquecas y migra\u00f1as.<\/p>\n<p><span style=\"color: #ec5598;\"><strong>Alivio de Dolor:<\/strong><\/span> Efecto analg\u00e9sico frente a dolores neurop\u00e1ticos.<\/p>\n<p><span style=\"color: #ec5598;\"><strong>Combate el Cansancio F\u00edsico y Mental:<\/strong><\/span> Reduce la sensaci\u00f3n de fatiga y promueve un bienestar general.<\/p>\n<p><span style=\"color: #ec5598;\"><strong>Contribuye a la mejor\u00eda de la Salud General:<\/strong><\/span> Mejora la salud cerebral, cardiaca y regula los niveles de energ\u00eda Tambi\u00e9n ayuda a disminuir el estr\u00e9s, aumenta la concentraci\u00f3n y fortalece la inmunidad.<\/p>\n<p><strong><span style=\"color: #ec5598;\">Prevenci\u00f3n de Anemia:<\/span> <\/strong>Ayuda a la formaci\u00f3n de gl\u00f3bulos rojos, esencial para prevenir la anemia.<\/p>\n<p><strong><span style=\"color: #ec5598;\">Complejo B:<\/span><\/strong> Ideal para cubrir demandas vitam\u00ednicas aumentadas por condiciones como la diabetes mellitus en adultos mayores y alcoh\u00f3licos cr\u00f3nicos, as\u00ed como deficiencias causadas por actividad f\u00edsica intensa.<\/p>\n","protected":false},"featured_media":718,"template":"","meta":[],"product_brand":[],"product_cat":[40,461],"product_tag":[427,420,44,429,421,423,430,157,468,277,428,419,422,470,418,424,426,282,425,283],"class_list":{"0":"post-717","1":"product","2":"type-product","3":"status-publish","4":"has-post-thumbnail","6":"product_cat-bienestar-integral","7":"product_cat-capsulas","8":"product_tag-aceite-vegetal","9":"product_tag-aumenta-nivel-de-enrgia","10":"product_tag-bienestar-integral","11":"product_tag-cera-de-abeja","12":"product_tag-combate-cansancio-fisico-y-mental","13":"product_tag-complejo-b","14":"product_tag-grenetina","15":"product_tag-ismerely","16":"product_tag-ismerely-en-monterrey","17":"product_tag-isoflavonas","18":"product_tag-lecitina-de-soya","19":"product_tag-mejora-funcion-cognitiva","20":"product_tag-previene-anemia","21":"product_tag-pt795","22":"product_tag-reven-vit","23":"product_tag-vitamina-b1","24":"product_tag-vitamina-b12","25":"product_tag-vitamina-b6","26":"product_tag-vitamina-b9","27":"product_tag-vitamina-c","29":"first","30":"instock","31":"shipping-taxable","32":"purchasable","33":"product-type-simple"},"_links":{"self":[{"href":"https:\/\/misucursalonline.com\/ismerely\/wp-json\/wp\/v2\/product\/717","targetHints":{"allow":["GET"]}}],"collection":[{"href":"https:\/\/misucursalonline.com\/ismerely\/wp-json\/wp\/v2\/product"}],"about":[{"href":"https:\/\/misucursalonline.com\/ismerely\/wp-json\/wp\/v2\/types\/product"}],"wp:featuredmedia":[{"embeddable":true,"href":"https:\/\/misucursalonline.com\/ismerely\/wp-json\/wp\/v2\/media\/718"}],"wp:attachment":[{"href":"https:\/\/misucursalonline.com\/ismerely\/wp-json\/wp\/v2\/media?parent=717"}],"wp:term":[{"taxonomy":"product_brand","embeddable":true,"href":"https:\/\/misucursalonline.com\/ismerely\/wp-json\/wp\/v2\/product_brand?post=717"},{"taxonomy":"product_cat","embeddable":true,"href":"https:\/\/misucursalonline.com\/ismerely\/wp-json\/wp\/v2\/product_cat?post=717"},{"taxonomy":"product_tag","embeddable":true,"href":"https:\/\/misucursalonline.com\/ismerely\/wp-json\/wp\/v2\/product_tag?post=717"}],"curies":[{"name":"wp","href":"https:\/\/api.w.org\/{rel}","templated":true}]}}