{"id":600,"date":"2023-12-20T09:55:44","date_gmt":"2023-12-20T15:55:44","guid":{"rendered":"https:\/\/misucursalonline.com\/ismerely\/?post_type=product&#038;p=600"},"modified":"2024-08-06T12:12:51","modified_gmt":"2024-08-06T18:12:51","slug":"biotibelle-gummy-bears","status":"publish","type":"product","link":"https:\/\/misucursalonline.com\/ismerely\/producto\/biotibelle-gummy-bears\/","title":{"rendered":"Biotibelle Gummy Bears"},"content":{"rendered":"<p><span style=\"color: #ec5598;\"><strong>Biotibelle Gummy Bears<\/strong><\/span><\/p>\n<p><span style=\"color: #ec5598;\"><strong>Forma de Uso: <\/strong><\/span>Comer 2 gomitas al d\u00eda<\/p>\n<p><span style=\"color: #ec5598;\"><strong>Ingredientes<\/strong><\/span><\/p>\n<p><span style=\"color: #ec5598;\"><strong><span style=\"color: #ec5598;\">\u00c1cido<\/span> hialur\u00f3nico:<\/strong>\u00a0<\/span>Se usa para hidratar la piel, rellenar surcos, arrugas y dar forma al rostro.<\/p>\n<p><span style=\"color: #ec5598;\"><strong><span style=\"color: #ec5598;\">Q10<\/span>:<\/strong>\u00a0<\/span>Retarda el envejecimiento, evita la acidez de la piel y protege de os radicales libres.<\/p>\n<p><strong><span style=\"color: #ec5598;\">Goji:<\/span> <\/strong>Excelente antioxidante.\u00a0 Ayuda a regenerar con c\u00e9lulas nuevas en nuestro cuerpo, aumenta las defensas y aporta hierro y vitaminas.<\/p>\n<p>Agua purificada, az\u00facar, glucosa, grenetina, col\u00e1geno hidrolizado, pectina, sabor fresa natural, \u00e1cido c\u00edtrico, \u00e1cido m\u00e1ltico (0.9g\/100g), vitamina A, C, D3,\u00a0 ar\u00e1ndano azul en polvo, pulpa de granada en polvo, cera de carnauba (abrillantador), MICOBEL-SR, extracto del fruto del monje, biotina\u00a0 \u00e1cido f\u00f3lico,<\/p>\n","protected":false},"excerpt":{"rendered":"<p><span style=\"color: #ec5598;\"><strong>Biotibelle Gummy Bears<\/strong><\/span><\/p>\n<p><span style=\"color: #ec5598;\"><strong>C\u00f3digo:\u00a0<\/strong><\/span><\/p>\n<p><span style=\"color: #ec5598;\"><strong>Presentaci\u00f3n:<\/strong><\/span>\u00a0 Frasco con 60 gomitas de 3 g c\/u<\/p>\n<p><span style=\"color: #ec5598;\"><strong>Beneficios:<\/strong><\/span><\/p>\n<ul>\n<li>Favorece la salud y crecimiento de tu cabello.<\/li>\n<li>Promueve el crecimiento de tus u\u00f1as.<\/li>\n<li>Ayuda a que tu piel se vea m\u00e1s sana y radiante.<\/li>\n<li>Retarda los efectos del envejecimiento.<\/li>\n<\/ul>\n","protected":false},"featured_media":601,"template":"","meta":[],"product_brand":[],"product_cat":[40],"product_tag":[44,409,410,43,157],"class_list":{"0":"post-600","1":"product","2":"type-product","3":"status-publish","4":"has-post-thumbnail","6":"product_cat-bienestar-integral","7":"product_tag-bienestar-integral","8":"product_tag-biotibelle","9":"product_tag-cabello-largo-y-hermoso","10":"product_tag-gummy-bears","11":"product_tag-ismerely","13":"first","14":"instock","15":"shipping-taxable","16":"purchasable","17":"product-type-simple"},"_links":{"self":[{"href":"https:\/\/misucursalonline.com\/ismerely\/wp-json\/wp\/v2\/product\/600","targetHints":{"allow":["GET"]}}],"collection":[{"href":"https:\/\/misucursalonline.com\/ismerely\/wp-json\/wp\/v2\/product"}],"about":[{"href":"https:\/\/misucursalonline.com\/ismerely\/wp-json\/wp\/v2\/types\/product"}],"wp:featuredmedia":[{"embeddable":true,"href":"https:\/\/misucursalonline.com\/ismerely\/wp-json\/wp\/v2\/media\/601"}],"wp:attachment":[{"href":"https:\/\/misucursalonline.com\/ismerely\/wp-json\/wp\/v2\/media?parent=600"}],"wp:term":[{"taxonomy":"product_brand","embeddable":true,"href":"https:\/\/misucursalonline.com\/ismerely\/wp-json\/wp\/v2\/product_brand?post=600"},{"taxonomy":"product_cat","embeddable":true,"href":"https:\/\/misucursalonline.com\/ismerely\/wp-json\/wp\/v2\/product_cat?post=600"},{"taxonomy":"product_tag","embeddable":true,"href":"https:\/\/misucursalonline.com\/ismerely\/wp-json\/wp\/v2\/product_tag?post=600"}],"curies":[{"name":"wp","href":"https:\/\/api.w.org\/{rel}","templated":true}]}}