{"id":272,"date":"2023-08-31T02:32:08","date_gmt":"2023-08-31T02:32:08","guid":{"rendered":"https:\/\/misucursalonline.com\/ismerely\/?post_type=product&#038;p=272"},"modified":"2024-11-13T22:43:55","modified_gmt":"2024-11-14T04:43:55","slug":"ag-coloidal","status":"publish","type":"product","link":"https:\/\/misucursalonline.com\/ismerely\/producto\/ag-coloidal\/","title":{"rendered":"AG Plata Coloidal"},"content":{"rendered":"<p><span style=\"color: #ec5598;\"><strong>AG Coloidal con Iones de Plata<\/strong><\/span><\/p>\n<p><span style=\"color: #ec5598;\"><strong>Forma de Uso: <\/strong><\/span>Aplica directamente\u00a0 en la zona a tratar, \u00fasalo como desmaquillante o para limpiar la cara antes de dormir. Puede utilizarse para desinfectar las frutas y verduras. En caso de una bacteria interna, tomar 2 cucharadas 3 veces al d\u00eda.<\/p>\n<p><span style=\"color: #ec5598;\"><strong>Ingredientes<\/strong><\/span><\/p>\n<p><strong><span style=\"color: #ec5598;\">Iones de plata.<\/span><\/strong><\/p>\n<p><strong><span style=\"color: #ec5598;\">Agua destilada.<\/span><\/strong><\/p>\n","protected":false},"excerpt":{"rendered":"<p><span style=\"color: #ec5598;\"><strong>AG Coloidal con Iones de Plata<\/strong><\/span><\/p>\n<p><span style=\"color: #ec5598;\"><strong>C\u00f3digo:<\/strong> <\/span>PT765<\/p>\n<p><span style=\"color: #ec5598;\"><strong>Presentaci\u00f3n:<\/strong><\/span>\u00a0 Frasco con 250 ml o 500 ml<\/p>\n<p><strong><span style=\"color: #ec5598;\">Beneficios:<\/span><\/strong><\/p>\n<p>Al intervenir en el proceso de respiraci\u00f3n celular, combate microbios resistentes a los antibi\u00f3ticos. Esto es importante, ya que la lista de este tipo de microorganismos aumenta todos los d\u00edas.<br \/>\nEstimula la regeneraci\u00f3n de la piel y otros tejidos, mejora la apariencia de psoriasis en la piel y eccema.\u00a0Enfermedades causadas por infecciones bacterianas o virales, como conjuntivitis aguda (inflamaci\u00f3n de la membrana que cubre el ojo y parte interna del p\u00e1rpado). Adem\u00e1s de ser \u00fatil en el tratamiento de infecciones virales como herpes zoster. Ayuda 2 combatir la sinusitis infecciosa, \u00datil en infecciones como resfriados o gripe, neumon\u00eda, etc.<\/p>\n<p>Puedes utilizarlo esencialmente para el cuidado de tu rostro, como un desmaquillante, adem\u00e1s de limpiarlo, lo protege de los radicales libres. Puede ser \u00fatil en infecciones de la piel como acn\u00e9, puntos negros o tambi\u00e9n en infecciones vaginales.<\/p>\n","protected":false},"featured_media":170,"template":"","meta":[],"product_brand":[],"product_cat":[40],"product_tag":[211,212,213,157,214],"class_list":{"0":"post-272","1":"product","2":"type-product","3":"status-publish","4":"has-post-thumbnail","6":"product_cat-bienestar-integral","7":"product_tag-ag-coloidal","8":"product_tag-desinfectante","9":"product_tag-desmaquillante","10":"product_tag-ismerely","11":"product_tag-limpiador-facial","13":"first","14":"instock","15":"shipping-taxable","16":"purchasable","17":"product-type-variable"},"_links":{"self":[{"href":"https:\/\/misucursalonline.com\/ismerely\/wp-json\/wp\/v2\/product\/272","targetHints":{"allow":["GET"]}}],"collection":[{"href":"https:\/\/misucursalonline.com\/ismerely\/wp-json\/wp\/v2\/product"}],"about":[{"href":"https:\/\/misucursalonline.com\/ismerely\/wp-json\/wp\/v2\/types\/product"}],"wp:featuredmedia":[{"embeddable":true,"href":"https:\/\/misucursalonline.com\/ismerely\/wp-json\/wp\/v2\/media\/170"}],"wp:attachment":[{"href":"https:\/\/misucursalonline.com\/ismerely\/wp-json\/wp\/v2\/media?parent=272"}],"wp:term":[{"taxonomy":"product_brand","embeddable":true,"href":"https:\/\/misucursalonline.com\/ismerely\/wp-json\/wp\/v2\/product_brand?post=272"},{"taxonomy":"product_cat","embeddable":true,"href":"https:\/\/misucursalonline.com\/ismerely\/wp-json\/wp\/v2\/product_cat?post=272"},{"taxonomy":"product_tag","embeddable":true,"href":"https:\/\/misucursalonline.com\/ismerely\/wp-json\/wp\/v2\/product_tag?post=272"}],"curies":[{"name":"wp","href":"https:\/\/api.w.org\/{rel}","templated":true}]}}